{"id":34,"date":"2026-01-16T11:36:13","date_gmt":"2026-01-16T11:36:13","guid":{"rendered":"https:\/\/appo.pt\/?page_id=34"},"modified":"2026-02-23T11:32:01","modified_gmt":"2026-02-23T11:32:01","slug":"corpos-sociais","status":"publish","type":"page","link":"https:\/\/appo.pt\/index.php\/corpos-sociais\/","title":{"rendered":"Corpos Sociais"},"content":{"rendered":"\n<h2 class=\"wp-block-heading has-theme-5-color has-text-color has-link-color wp-elements-61171abfafc5d728e465de919ac70e4a\" style=\"font-style:normal;font-weight:600\">Corpos Sociais<\/h2>\n\n\n\n<p style=\"margin-top:var(--wp--preset--spacing--40);margin-bottom:var(--wp--preset--spacing--20)\"><strong>DIRE\u00c7\u00c3O<\/strong><\/p>\n\n\n\n<p style=\"margin-top:0;margin-bottom:var(--wp--preset--spacing--20)\"><strong>Presidente<\/strong><br>Ana Carla Seabra Torres Pires (UBI, RISE Health)<\/p>\n\n\n\n<p><strong>Vice-presidente<\/strong><br>Diana Isabel Fontanete de Sousa Correia (IPO Porto)<\/p>\n\n\n\n<p><strong>Tesoureira<\/strong><br>T\u00e2nia Raquel Pais Brand\u00e3o (ISPA, William James Center for Research)<\/p>\n\n\n\n<p style=\"margin-top:var(--wp--preset--spacing--20);margin-bottom:var(--wp--preset--spacing--20)\"><strong>Secret\u00e1ria<\/strong><br>Claudia Sofia Pacheco Pires (Santa Casa Miseric\u00f3rdia do Porto)<\/p>\n\n\n\n<p style=\"margin-top:0;margin-bottom:var(--wp--preset--spacing--20)\"><strong>Vogal<\/strong><br>Paulo Assis da Silva Marcos Pimentel (Hospital de Vila Real)<\/p>\n\n\n\n<p style=\"margin-top:var(--wp--preset--spacing--40);margin-bottom:var(--wp--preset--spacing--20)\"><strong>CONSELHO CIENT\u00cdFICO<\/strong><\/p>\n\n\n\n<p><strong>Presidente<\/strong><br>Ana Claudia Pereira B\u00e1rtolo (Portucalense, RISE Health)<\/p>\n\n\n\n<p><strong>Vice-presidente<\/strong><br>Ana Filipa Dias Oliveira (UA, RISE Health)<\/p>\n\n\n\n<p><strong>Vogal<\/strong><br>Paula Susana Loureiro Saraiva Carvalho (UBI)<\/p>\n\n\n\n<p><strong>Vogal<\/strong><br>S\u00f3nia Isabel Remondes Costa (UTAD)<\/p>\n\n\n\n<p><strong>Vogal<\/strong><br>Joana Filipa Fonseca Carreiro (UMaia)<\/p>\n\n\n\n<p style=\"margin-top:var(--wp--preset--spacing--40);margin-bottom:var(--wp--preset--spacing--20)\"><strong>ASSEMBLEIA GERAL<\/strong><\/p>\n\n\n\n<p><strong>Presidente<\/strong><br>Eduardo Manuel Neves Oliveira Carqueja, (ULSSJ)<\/p>\n\n\n\n<p><strong>Secret\u00e1ria<\/strong><br>Sara Vanessa Andrade Costa (Santa Casa Miseric\u00f3rdia do Porto)<\/p>\n\n\n\n<p><strong>Vogal<\/strong><br>Sofia Raquel Neves Coutinho (Hospital da Guarda)<\/p>\n\n\n\n<p style=\"margin-top:var(--wp--preset--spacing--40);margin-bottom:var(--wp--preset--spacing--20)\"><strong>CONSELHO FISCAL<\/strong><\/p>\n\n\n\n<p style=\"margin-top:0;margin-bottom:0\"><strong>Presidente<\/strong><br>Andr\u00e9 Rodrigues Delgado (Hospital Beatriz \u00c2ngelo)<\/p>\n\n\n\n<p><strong>Vogal<\/strong><br>Carolina Maria de Oliveira Roque (IPO Coimbra)<\/p>\n\n\n\n<p style=\"margin-top:var(--wp--preset--spacing--20);margin-bottom:var(--wp--preset--spacing--20)\"><strong>Vogal<\/strong><br>Sofia Alexandra Marques Fernandes (UA, RISE Health)<\/p>\n","protected":false},"excerpt":{"rendered":"<p>Corpos Sociais DIRE\u00c7\u00c3O PresidenteAna Carla Seabra Torres Pires (UBI, RISE Health) Vice-presidenteDiana Isabel Fontanete de Sousa Correia (IPO Porto) TesoureiraT\u00e2nia Raquel Pais Brand\u00e3o (ISPA, William James Center for Research) Secret\u00e1riaClaudia Sofia Pacheco Pires (Santa Casa Miseric\u00f3rdia do Porto) VogalPaulo Assis da Silva Marcos Pimentel (Hospital de Vila Real) CONSELHO CIENT\u00cdFICO PresidenteAna Claudia Pereira B\u00e1rtolo (Portucalense, [&hellip;]<\/p>\n","protected":false},"author":1,"featured_media":0,"parent":0,"menu_order":0,"comment_status":"closed","ping_status":"closed","template":"","meta":{"footnotes":""},"class_list":["post-34","page","type-page","status-publish","hentry"],"_links":{"self":[{"href":"https:\/\/appo.pt\/index.php\/wp-json\/wp\/v2\/pages\/34","targetHints":{"allow":["GET"]}}],"collection":[{"href":"https:\/\/appo.pt\/index.php\/wp-json\/wp\/v2\/pages"}],"about":[{"href":"https:\/\/appo.pt\/index.php\/wp-json\/wp\/v2\/types\/page"}],"author":[{"embeddable":true,"href":"https:\/\/appo.pt\/index.php\/wp-json\/wp\/v2\/users\/1"}],"replies":[{"embeddable":true,"href":"https:\/\/appo.pt\/index.php\/wp-json\/wp\/v2\/comments?post=34"}],"version-history":[{"count":7,"href":"https:\/\/appo.pt\/index.php\/wp-json\/wp\/v2\/pages\/34\/revisions"}],"predecessor-version":[{"id":196,"href":"https:\/\/appo.pt\/index.php\/wp-json\/wp\/v2\/pages\/34\/revisions\/196"}],"wp:attachment":[{"href":"https:\/\/appo.pt\/index.php\/wp-json\/wp\/v2\/media?parent=34"}],"curies":[{"name":"wp","href":"https:\/\/api.w.org\/{rel}","templated":true}]}}